{"id":30,"date":"2023-08-28T14:38:29","date_gmt":"2023-08-28T14:38:29","guid":{"rendered":"https:\/\/csscr.gdu.edu.az\/csscr\/?page_id=30"},"modified":"2023-10-24T07:04:31","modified_gmt":"2023-10-24T07:04:31","slug":"contact","status":"publish","type":"page","link":"https:\/\/csscr.gdu.edu.az\/csscr\/contact\/","title":{"rendered":"\u018flaq\u0259"},"content":{"rendered":"<!--themify_builder_content-->\n<div id=\"themify_builder_content-30\" data-postid=\"30\" class=\"themify_builder_content themify_builder_content-30 themify_builder tf_clear\">\n    \t\t\t<!-- module_row -->\n\t<div  data-lazy=\"1\" class=\"module_row themify_builder_row tb_nkz70 tb_first tf_w tf_clearfix\">\n\t    \t\t\t<div class=\"row_inner col_align_top tb_col_count_1 tf_box tf_rel\">\n\t\t            <div  data-lazy=\"1\" class=\"module_column tb-column col-full tb_bi5f1 first\">\n                                                        <div class=\"tb-column-inner tf_box tf_w\">\n                        \t<div  data-lazy=\"1\" class=\"module_subrow themify_builder_sub_row tb_ocq9300 tf_w tf_clearfix\">\n\t    \t\t\t<div class=\"subrow_inner col_align_top tb_col_count_2 tf_box tf_w\">\n\t\t            <div  data-lazy=\"1\" class=\"module_column sub_column col4-2 tb_9t39301 first\">\n                                                        <div class=\"tb-column-inner tf_box tf_w\">\n                        <!-- module plain text -->\n<div  class=\"module module-plain-text tb_nidf19 \" data-lazy=\"1\">\n        <div class=\"tb_text_wrap\">\n\t<iframe src=\"https:\/\/www.google.com\/maps\/embed?pb=!1m18!1m12!1m3!1d3025.8147306188566!2d46.357584275728904!3d40.67805093969375!2m3!1f0!2f0!3f0!3m2!1i1024!2i768!4f13.1!3m3!1m2!1s0x403f510ea048aaef%3A0xb8f37d9d90982326!2zR8mZbmPJmSBEw7Z2bMmZdCBVbml2ZXJzaXRldGk!5e0!3m2!1sen!2saz!4v1693725554699!5m2!1sen!2saz\" width=\"600\" height=\"450\" style=\"border:0;\" allowfullscreen=\"\" loading=\"lazy\" referrerpolicy=\"no-referrer-when-downgrade\"><\/iframe>    <\/div>\n<\/div>\n<!-- \/module plain text -->                    <\/div><!-- .tb-column-inner -->\n                            <\/div><!-- .module_column -->\n                        <div  data-lazy=\"1\" class=\"module_column sub_column col4-2 tb_34om301 last\">\n                                                        <div class=\"tb-column-inner tf_box tf_w\">\n                        <!-- module contact -->\n<div  id=\"tb_e1o2279\" class=\"module module-contact tb_e1o2279 contact-style1 \" data-lazy=\"1\">\n    \n\t<form class=\"builder-contact\"\n\t\tid=\"tb_e1o2279-form\"\n\t\tmethod=\"post\"\n\t\tdata-post-id=\"30\"\n\t\tdata-element-id=\"e1o2279\"\n\t\tdata-orig-id=\"30\"\n\t>\n    <div class=\"contact-message\"><\/div>\n\t<div class=\"builder-contact-fields tf_rel\">\n\t\t    \t\t    <div class=\"builder-contact-field builder-contact-field-name builder-contact-text-field\">\n\t\t\t    <label class=\"control-label\" for=\"tb_e1o2279-contact-name\">\n\t\t\t\t\t\t\t\t\t\t<span class=\"tb-label-span\">Ad\u0131n\u0131z <\/span><span class=\"required\">*<\/span>\t\t\t\t<\/label>\n\t\t\t    <div class=\"control-input tf_rel\">\n\t\t\t\t    \t\t\t\t\t    <input type=\"text\" name=\"contact-name\" placeholder=\"Soyad v\u0259 ad\u0131n\u0131z\u0131 qeyd edin\" id=\"tb_e1o2279-contact-name\" value=\"\" class=\"form-control\" required>\n\t\t\t\t    \t\t\t\t    \t\t\t    <\/div>\n\t\t<\/div>\n\t    \n\t\t    \t\t    <div class=\"builder-contact-field builder-contact-field-email builder-contact-text-field\">\n\t\t\t    <label class=\"control-label\" for=\"tb_e1o2279-contact-email\">\n\t\t\t\t\t\t\t\t\t\t<span class=\"tb-label-span\">Email <\/span><span class=\"required\">*<\/span>\t\t\t\t<\/label>\n\t\t\t    <div class=\"control-input tf_rel\">\n\t\t\t\t    \t\t\t\t\t    <input type=\"email\" name=\"contact-email\" placeholder=\"Elektron po\u00e7t \u00fcnvan\u0131n\u0131z\u0131 qeyd edin\" id=\"tb_e1o2279-contact-email\" value=\"\" class=\"form-control\" required>\n\t\t\t\t    \t\t\t\t    \t\t\t    <\/div>\n\t\t<\/div>\n\t    \n\t\t    \t\t    <div class=\"builder-contact-field builder-contact-field-subject builder-contact-text-field\">\n\t\t\t    <label class=\"control-label\" for=\"tb_e1o2279-contact-subject\">\n\t\t\t\t\t\t\t\t\t\t<span class=\"tb-label-span\">M\u00f6vzu <\/span><span class=\"required\">*<\/span>\t\t\t\t<\/label>\n\t\t\t    <div class=\"control-input tf_rel\">\n\t\t\t\t    \t\t\t\t\t    <input type=\"text\" name=\"contact-subject\" placeholder=\"M\u00fcraci\u0259tinizin m\u00f6vzusunu qeyd edin\" id=\"tb_e1o2279-contact-subject\" value=\"\" class=\"form-control\" required>\n\t\t\t\t    \t\t\t\t    \t\t\t    <\/div>\n\t\t<\/div>\n\t    \n\t\t    \t\t    <div class=\"builder-contact-field builder-contact-field-message builder-contact-textarea-field\">\n\t\t\t    <label class=\"control-label\" for=\"tb_e1o2279-contact-message\">\n\t\t\t\t\t\t\t\t\t\t<span class=\"tb-label-span\">Mesaj <\/span>\t\t\t\t<\/label>\n\t\t\t    <div class=\"control-input tf_rel\">\n\t\t\t\t    \t\t\t\t\t    <textarea name=\"contact-message\" placeholder=\"\" id=\"tb_e1o2279-contact-message\" class=\"form-control\"><\/textarea>\n\t\t\t\t    \t\t\t\t    \t\t\t    <\/div>\n\t\t<\/div>\n\t    \n\t\t    \n\t\t\n\t\t\n\t    \t    <div class=\"builder-contact-field builder-contact-field-send control-input tf_textr tf_clear tf_rel\">\n\t\t\t<button type=\"submit\" class=\"btn btn-primary\">\n\t\t\t\t<span class=\"tf_loader\"><\/span>\t\t\t\t<span class=\"tf_submit_icon\"><\/span> \n\t\t\t\tG\u00f6nd\u0259r\t\t\t<\/button>\n\t    <\/div>\n\t<\/div>\n    <\/form>\n\n    <\/div>\n<!-- \/module contact -->\n                    <\/div><!-- .tb-column-inner -->\n                            <\/div><!-- .module_column -->\n            \t    <\/div><!-- .subrow_inner -->\n\t<\/div><!-- .themify_builder_sub_row -->\n\t                    <\/div><!-- .tb-column-inner -->\n                            <\/div><!-- .module_column -->\n            \t    <\/div><!-- .row_inner -->\n\t<\/div><!-- .module_row -->\n\t\t\t\t<!-- module_row -->\n\t<div  data-lazy=\"1\" class=\"module_row themify_builder_row tb_4us4563 tf_w tf_clearfix\">\n\t    \t\t\t<div class=\"row_inner col_align_top tb_col_count_1 tf_box tf_rel\">\n\t\t            <div  data-lazy=\"1\" class=\"module_column tb-column col-full tb_rys6563 first\">\n                                                <\/div><!-- .module_column -->\n            \t    <\/div><!-- .row_inner -->\n\t<\/div><!-- .module_row -->\n\t<\/div>\n<!--\/themify_builder_content-->","protected":false},"excerpt":{"rendered":"","protected":false},"author":1,"featured_media":0,"parent":0,"menu_order":0,"comment_status":"closed","ping_status":"closed","template":"","meta":{"footnotes":""},"class_list":["post-30","page","type-page","status-publish","hentry","has-post-title","has-post-date","has-post-category","has-post-tag","has-post-comment","has-post-author",""],"yoast_head":"<!-- This site is optimized with the Yoast SEO plugin v26.9 - https:\/\/yoast.com\/product\/yoast-seo-wordpress\/ -->\n<title>\u018flaq\u0259 - CSSCR<\/title>\n<meta name=\"robots\" content=\"index, follow, max-snippet:-1, max-image-preview:large, max-video-preview:-1\" \/>\n<link rel=\"canonical\" href=\"https:\/\/csscr.gdu.edu.az\/csscr\/contact\/\" \/>\n<meta property=\"og:locale\" content=\"az_AZ\" \/>\n<meta property=\"og:type\" content=\"article\" \/>\n<meta property=\"og:title\" content=\"\u018flaq\u0259 - CSSCR\" \/>\n<meta property=\"og:url\" content=\"https:\/\/csscr.gdu.edu.az\/csscr\/contact\/\" \/>\n<meta property=\"og:site_name\" content=\"CSSCR\" \/>\n<meta property=\"article:modified_time\" content=\"2023-10-24T07:04:31+00:00\" \/>\n<meta name=\"twitter:card\" content=\"summary_large_image\" \/>\n<script type=\"application\/ld+json\" class=\"yoast-schema-graph\">{\"@context\":\"https:\/\/schema.org\",\"@graph\":[{\"@type\":\"Article\",\"@id\":\"https:\/\/csscr.gdu.edu.az\/csscr\/contact\/#article\",\"isPartOf\":{\"@id\":\"https:\/\/csscr.gdu.edu.az\/csscr\/contact\/\"},\"author\":{\"name\":\"admin\",\"@id\":\"https:\/\/csscr.gdu.edu.az\/csscr\/#\/schema\/person\/3acbf7dba1470d07cd2aabdcd827d941\"},\"headline\":\"\u018flaq\u0259\",\"datePublished\":\"2023-08-28T14:38:29+00:00\",\"dateModified\":\"2023-10-24T07:04:31+00:00\",\"mainEntityOfPage\":{\"@id\":\"https:\/\/csscr.gdu.edu.az\/csscr\/contact\/\"},\"wordCount\":1,\"publisher\":{\"@id\":\"https:\/\/csscr.gdu.edu.az\/csscr\/#organization\"},\"inLanguage\":\"az\"},{\"@type\":[\"WebPage\",\"ContactPage\"],\"@id\":\"https:\/\/csscr.gdu.edu.az\/csscr\/contact\/\",\"url\":\"https:\/\/csscr.gdu.edu.az\/csscr\/contact\/\",\"name\":\"\u018flaq\u0259 - CSSCR\",\"isPartOf\":{\"@id\":\"https:\/\/csscr.gdu.edu.az\/csscr\/#website\"},\"datePublished\":\"2023-08-28T14:38:29+00:00\",\"dateModified\":\"2023-10-24T07:04:31+00:00\",\"breadcrumb\":{\"@id\":\"https:\/\/csscr.gdu.edu.az\/csscr\/contact\/#breadcrumb\"},\"inLanguage\":\"az\",\"potentialAction\":[{\"@type\":\"ReadAction\",\"target\":[\"https:\/\/csscr.gdu.edu.az\/csscr\/contact\/\"]}]},{\"@type\":\"BreadcrumbList\",\"@id\":\"https:\/\/csscr.gdu.edu.az\/csscr\/contact\/#breadcrumb\",\"itemListElement\":[{\"@type\":\"ListItem\",\"position\":1,\"name\":\"Home\",\"item\":\"https:\/\/csscr.gdu.edu.az\/csscr\/\"},{\"@type\":\"ListItem\",\"position\":2,\"name\":\"\u018flaq\u0259\"}]},{\"@type\":\"WebSite\",\"@id\":\"https:\/\/csscr.gdu.edu.az\/csscr\/#website\",\"url\":\"https:\/\/csscr.gdu.edu.az\/csscr\/\",\"name\":\"CSSCR\",\"description\":\"Nizami G\u0259nc\u0259vi ad\u0131na dayan\u0131ql\u0131 inki\u015faf m\u0259rk\u0259zi\",\"publisher\":{\"@id\":\"https:\/\/csscr.gdu.edu.az\/csscr\/#organization\"},\"potentialAction\":[{\"@type\":\"SearchAction\",\"target\":{\"@type\":\"EntryPoint\",\"urlTemplate\":\"https:\/\/csscr.gdu.edu.az\/csscr\/?s={search_term_string}\"},\"query-input\":{\"@type\":\"PropertyValueSpecification\",\"valueRequired\":true,\"valueName\":\"search_term_string\"}}],\"inLanguage\":\"az\"},{\"@type\":\"Organization\",\"@id\":\"https:\/\/csscr.gdu.edu.az\/csscr\/#organization\",\"name\":\"CSSCR\",\"url\":\"https:\/\/csscr.gdu.edu.az\/csscr\/\",\"logo\":{\"@type\":\"ImageObject\",\"inLanguage\":\"az\",\"@id\":\"https:\/\/csscr.gdu.edu.az\/csscr\/#\/schema\/logo\/image\/\",\"url\":\"https:\/\/csscr.gdu.edu.az\/csscr\/wp-content\/uploads\/2023\/08\/CHINAR.png\",\"contentUrl\":\"https:\/\/csscr.gdu.edu.az\/csscr\/wp-content\/uploads\/2023\/08\/CHINAR.png\",\"width\":1700,\"height\":1526,\"caption\":\"CSSCR\"},\"image\":{\"@id\":\"https:\/\/csscr.gdu.edu.az\/csscr\/#\/schema\/logo\/image\/\"}},{\"@type\":\"Person\",\"@id\":\"https:\/\/csscr.gdu.edu.az\/csscr\/#\/schema\/person\/3acbf7dba1470d07cd2aabdcd827d941\",\"name\":\"admin\",\"image\":{\"@type\":\"ImageObject\",\"inLanguage\":\"az\",\"@id\":\"https:\/\/csscr.gdu.edu.az\/csscr\/#\/schema\/person\/image\/\",\"url\":\"https:\/\/secure.gravatar.com\/avatar\/7103d19eaab099170f8eab569e612544fdf60c8707363d46842166fbf9183dae?s=96&d=mm&r=g\",\"contentUrl\":\"https:\/\/secure.gravatar.com\/avatar\/7103d19eaab099170f8eab569e612544fdf60c8707363d46842166fbf9183dae?s=96&d=mm&r=g\",\"caption\":\"admin\"},\"sameAs\":[\"https:\/\/csscr.gdu.edu.az\/csscr\/\/csscr\"],\"url\":\"https:\/\/csscr.gdu.edu.az\/csscr\/author\/csscr\/\"}]}<\/script>\n<!-- \/ Yoast SEO plugin. -->","yoast_head_json":{"title":"\u018flaq\u0259 - CSSCR","robots":{"index":"index","follow":"follow","max-snippet":"max-snippet:-1","max-image-preview":"max-image-preview:large","max-video-preview":"max-video-preview:-1"},"canonical":"https:\/\/csscr.gdu.edu.az\/csscr\/contact\/","og_locale":"az_AZ","og_type":"article","og_title":"\u018flaq\u0259 - CSSCR","og_url":"https:\/\/csscr.gdu.edu.az\/csscr\/contact\/","og_site_name":"CSSCR","article_modified_time":"2023-10-24T07:04:31+00:00","twitter_card":"summary_large_image","schema":{"@context":"https:\/\/schema.org","@graph":[{"@type":"Article","@id":"https:\/\/csscr.gdu.edu.az\/csscr\/contact\/#article","isPartOf":{"@id":"https:\/\/csscr.gdu.edu.az\/csscr\/contact\/"},"author":{"name":"admin","@id":"https:\/\/csscr.gdu.edu.az\/csscr\/#\/schema\/person\/3acbf7dba1470d07cd2aabdcd827d941"},"headline":"\u018flaq\u0259","datePublished":"2023-08-28T14:38:29+00:00","dateModified":"2023-10-24T07:04:31+00:00","mainEntityOfPage":{"@id":"https:\/\/csscr.gdu.edu.az\/csscr\/contact\/"},"wordCount":1,"publisher":{"@id":"https:\/\/csscr.gdu.edu.az\/csscr\/#organization"},"inLanguage":"az"},{"@type":["WebPage","ContactPage"],"@id":"https:\/\/csscr.gdu.edu.az\/csscr\/contact\/","url":"https:\/\/csscr.gdu.edu.az\/csscr\/contact\/","name":"\u018flaq\u0259 - CSSCR","isPartOf":{"@id":"https:\/\/csscr.gdu.edu.az\/csscr\/#website"},"datePublished":"2023-08-28T14:38:29+00:00","dateModified":"2023-10-24T07:04:31+00:00","breadcrumb":{"@id":"https:\/\/csscr.gdu.edu.az\/csscr\/contact\/#breadcrumb"},"inLanguage":"az","potentialAction":[{"@type":"ReadAction","target":["https:\/\/csscr.gdu.edu.az\/csscr\/contact\/"]}]},{"@type":"BreadcrumbList","@id":"https:\/\/csscr.gdu.edu.az\/csscr\/contact\/#breadcrumb","itemListElement":[{"@type":"ListItem","position":1,"name":"Home","item":"https:\/\/csscr.gdu.edu.az\/csscr\/"},{"@type":"ListItem","position":2,"name":"\u018flaq\u0259"}]},{"@type":"WebSite","@id":"https:\/\/csscr.gdu.edu.az\/csscr\/#website","url":"https:\/\/csscr.gdu.edu.az\/csscr\/","name":"CSSCR","description":"Nizami G\u0259nc\u0259vi ad\u0131na dayan\u0131ql\u0131 inki\u015faf m\u0259rk\u0259zi","publisher":{"@id":"https:\/\/csscr.gdu.edu.az\/csscr\/#organization"},"potentialAction":[{"@type":"SearchAction","target":{"@type":"EntryPoint","urlTemplate":"https:\/\/csscr.gdu.edu.az\/csscr\/?s={search_term_string}"},"query-input":{"@type":"PropertyValueSpecification","valueRequired":true,"valueName":"search_term_string"}}],"inLanguage":"az"},{"@type":"Organization","@id":"https:\/\/csscr.gdu.edu.az\/csscr\/#organization","name":"CSSCR","url":"https:\/\/csscr.gdu.edu.az\/csscr\/","logo":{"@type":"ImageObject","inLanguage":"az","@id":"https:\/\/csscr.gdu.edu.az\/csscr\/#\/schema\/logo\/image\/","url":"https:\/\/csscr.gdu.edu.az\/csscr\/wp-content\/uploads\/2023\/08\/CHINAR.png","contentUrl":"https:\/\/csscr.gdu.edu.az\/csscr\/wp-content\/uploads\/2023\/08\/CHINAR.png","width":1700,"height":1526,"caption":"CSSCR"},"image":{"@id":"https:\/\/csscr.gdu.edu.az\/csscr\/#\/schema\/logo\/image\/"}},{"@type":"Person","@id":"https:\/\/csscr.gdu.edu.az\/csscr\/#\/schema\/person\/3acbf7dba1470d07cd2aabdcd827d941","name":"admin","image":{"@type":"ImageObject","inLanguage":"az","@id":"https:\/\/csscr.gdu.edu.az\/csscr\/#\/schema\/person\/image\/","url":"https:\/\/secure.gravatar.com\/avatar\/7103d19eaab099170f8eab569e612544fdf60c8707363d46842166fbf9183dae?s=96&d=mm&r=g","contentUrl":"https:\/\/secure.gravatar.com\/avatar\/7103d19eaab099170f8eab569e612544fdf60c8707363d46842166fbf9183dae?s=96&d=mm&r=g","caption":"admin"},"sameAs":["https:\/\/csscr.gdu.edu.az\/csscr\/\/csscr"],"url":"https:\/\/csscr.gdu.edu.az\/csscr\/author\/csscr\/"}]}},"builder_content":"<iframe src=\"https:\/\/www.google.com\/maps\/embed?pb=!1m18!1m12!1m3!1d3025.8147306188566!2d46.357584275728904!3d40.67805093969375!2m3!1f0!2f0!3f0!3m2!1i1024!2i768!4f13.1!3m3!1m2!1s0x403f510ea048aaef%3A0xb8f37d9d90982326!2zR8mZbmPJmSBEw7Z2bMmZdCBVbml2ZXJzaXRldGk!5e0!3m2!1sen!2saz!4v1693725554699!5m2!1sen!2saz\" width=\"600\" height=\"450\" style=\"border:0;\" allowfullscreen=\"\" loading=\"lazy\" referrerpolicy=\"no-referrer-when-downgrade\"><\/iframe>\n<form id=\"tb_e1o2279-form\" method=\"post\" data-post-id=\"0\" data-element-id=\"e1o2279\" data-orig-id=\"30\" > <label for=\"tb_e1o2279-contact-name\"> Ad\u0131n\u0131z * <\/label> <input type=\"text\" name=\"contact-name\" placeholder=\"Soyad v\u0259 ad\u0131n\u0131z\u0131 qeyd edin\" id=\"tb_e1o2279-contact-name\" value=\"\" required> <label for=\"tb_e1o2279-contact-email\"> Email * <\/label> <input type=\"email\" name=\"contact-email\" placeholder=\"Elektron po\u00e7t \u00fcnvan\u0131n\u0131z\u0131 qeyd edin\" id=\"tb_e1o2279-contact-email\" value=\"\" required> <label for=\"tb_e1o2279-contact-subject\"> M\u00f6vzu * <\/label> <input type=\"text\" name=\"contact-subject\" placeholder=\"M\u00fcraci\u0259tinizin m\u00f6vzusunu qeyd edin\" id=\"tb_e1o2279-contact-subject\" value=\"\" required> <label for=\"tb_e1o2279-contact-message\"> Mesaj <\/label> <textarea name=\"contact-message\" placeholder=\"\" id=\"tb_e1o2279-contact-message\"><\/textarea> <button type=\"submit\"> G\u00f6nd\u0259r <\/button> <\/form>","_links":{"self":[{"href":"https:\/\/csscr.gdu.edu.az\/csscr\/wp-json\/wp\/v2\/pages\/30","targetHints":{"allow":["GET"]}}],"collection":[{"href":"https:\/\/csscr.gdu.edu.az\/csscr\/wp-json\/wp\/v2\/pages"}],"about":[{"href":"https:\/\/csscr.gdu.edu.az\/csscr\/wp-json\/wp\/v2\/types\/page"}],"author":[{"embeddable":true,"href":"https:\/\/csscr.gdu.edu.az\/csscr\/wp-json\/wp\/v2\/users\/1"}],"replies":[{"embeddable":true,"href":"https:\/\/csscr.gdu.edu.az\/csscr\/wp-json\/wp\/v2\/comments?post=30"}],"version-history":[{"count":8,"href":"https:\/\/csscr.gdu.edu.az\/csscr\/wp-json\/wp\/v2\/pages\/30\/revisions"}],"predecessor-version":[{"id":477,"href":"https:\/\/csscr.gdu.edu.az\/csscr\/wp-json\/wp\/v2\/pages\/30\/revisions\/477"}],"wp:attachment":[{"href":"https:\/\/csscr.gdu.edu.az\/csscr\/wp-json\/wp\/v2\/media?parent=30"}],"curies":[{"name":"wp","href":"https:\/\/api.w.org\/{rel}","templated":true}]}}