{"id":28,"date":"2023-08-28T14:38:12","date_gmt":"2023-08-28T14:38:12","guid":{"rendered":"https:\/\/csscr.gdu.edu.az\/csscr\/?page_id=28"},"modified":"2023-08-30T09:31:15","modified_gmt":"2023-08-30T09:31:15","slug":"career","status":"publish","type":"page","link":"https:\/\/csscr.gdu.edu.az\/csscr\/career\/","title":{"rendered":"Karyera"},"content":{"rendered":"<!--themify_builder_content-->\n<div id=\"themify_builder_content-28\" data-postid=\"28\" class=\"themify_builder_content themify_builder_content-28 themify_builder tf_clear\">\n    <\/div>\n<!--\/themify_builder_content-->","protected":false},"excerpt":{"rendered":"","protected":false},"author":1,"featured_media":0,"parent":0,"menu_order":0,"comment_status":"closed","ping_status":"closed","template":"","meta":{"footnotes":""},"class_list":["post-28","page","type-page","status-publish","hentry","has-post-title","has-post-date","has-post-category","has-post-tag","has-post-comment","has-post-author",""],"yoast_head":"<!-- This site is optimized with the Yoast SEO plugin v26.9 - https:\/\/yoast.com\/product\/yoast-seo-wordpress\/ -->\n<title>Karyera - CSSCR<\/title>\n<meta name=\"robots\" content=\"index, follow, max-snippet:-1, max-image-preview:large, max-video-preview:-1\" \/>\n<link rel=\"canonical\" href=\"https:\/\/csscr.gdu.edu.az\/csscr\/career\/\" \/>\n<meta property=\"og:locale\" content=\"az_AZ\" \/>\n<meta property=\"og:type\" content=\"article\" \/>\n<meta property=\"og:title\" content=\"Karyera - CSSCR\" \/>\n<meta property=\"og:url\" content=\"https:\/\/csscr.gdu.edu.az\/csscr\/career\/\" \/>\n<meta property=\"og:site_name\" content=\"CSSCR\" \/>\n<meta property=\"article:modified_time\" content=\"2023-08-30T09:31:15+00:00\" \/>\n<meta name=\"twitter:card\" content=\"summary_large_image\" \/>\n<script type=\"application\/ld+json\" class=\"yoast-schema-graph\">{\"@context\":\"https:\/\/schema.org\",\"@graph\":[{\"@type\":\"WebPage\",\"@id\":\"https:\/\/csscr.gdu.edu.az\/csscr\/career\/\",\"url\":\"https:\/\/csscr.gdu.edu.az\/csscr\/career\/\",\"name\":\"Karyera - CSSCR\",\"isPartOf\":{\"@id\":\"https:\/\/csscr.gdu.edu.az\/csscr\/#website\"},\"datePublished\":\"2023-08-28T14:38:12+00:00\",\"dateModified\":\"2023-08-30T09:31:15+00:00\",\"breadcrumb\":{\"@id\":\"https:\/\/csscr.gdu.edu.az\/csscr\/career\/#breadcrumb\"},\"inLanguage\":\"az\",\"potentialAction\":[{\"@type\":\"ReadAction\",\"target\":[\"https:\/\/csscr.gdu.edu.az\/csscr\/career\/\"]}]},{\"@type\":\"BreadcrumbList\",\"@id\":\"https:\/\/csscr.gdu.edu.az\/csscr\/career\/#breadcrumb\",\"itemListElement\":[{\"@type\":\"ListItem\",\"position\":1,\"name\":\"Home\",\"item\":\"https:\/\/csscr.gdu.edu.az\/csscr\/\"},{\"@type\":\"ListItem\",\"position\":2,\"name\":\"Karyera\"}]},{\"@type\":\"WebSite\",\"@id\":\"https:\/\/csscr.gdu.edu.az\/csscr\/#website\",\"url\":\"https:\/\/csscr.gdu.edu.az\/csscr\/\",\"name\":\"CSSCR\",\"description\":\"Nizami G\u0259nc\u0259vi ad\u0131na dayan\u0131ql\u0131 inki\u015faf m\u0259rk\u0259zi\",\"publisher\":{\"@id\":\"https:\/\/csscr.gdu.edu.az\/csscr\/#organization\"},\"potentialAction\":[{\"@type\":\"SearchAction\",\"target\":{\"@type\":\"EntryPoint\",\"urlTemplate\":\"https:\/\/csscr.gdu.edu.az\/csscr\/?s={search_term_string}\"},\"query-input\":{\"@type\":\"PropertyValueSpecification\",\"valueRequired\":true,\"valueName\":\"search_term_string\"}}],\"inLanguage\":\"az\"},{\"@type\":\"Organization\",\"@id\":\"https:\/\/csscr.gdu.edu.az\/csscr\/#organization\",\"name\":\"CSSCR\",\"url\":\"https:\/\/csscr.gdu.edu.az\/csscr\/\",\"logo\":{\"@type\":\"ImageObject\",\"inLanguage\":\"az\",\"@id\":\"https:\/\/csscr.gdu.edu.az\/csscr\/#\/schema\/logo\/image\/\",\"url\":\"https:\/\/csscr.gdu.edu.az\/csscr\/wp-content\/uploads\/2023\/08\/CHINAR.png\",\"contentUrl\":\"https:\/\/csscr.gdu.edu.az\/csscr\/wp-content\/uploads\/2023\/08\/CHINAR.png\",\"width\":1700,\"height\":1526,\"caption\":\"CSSCR\"},\"image\":{\"@id\":\"https:\/\/csscr.gdu.edu.az\/csscr\/#\/schema\/logo\/image\/\"}}]}<\/script>\n<!-- \/ Yoast SEO plugin. -->","yoast_head_json":{"title":"Karyera - CSSCR","robots":{"index":"index","follow":"follow","max-snippet":"max-snippet:-1","max-image-preview":"max-image-preview:large","max-video-preview":"max-video-preview:-1"},"canonical":"https:\/\/csscr.gdu.edu.az\/csscr\/career\/","og_locale":"az_AZ","og_type":"article","og_title":"Karyera - CSSCR","og_url":"https:\/\/csscr.gdu.edu.az\/csscr\/career\/","og_site_name":"CSSCR","article_modified_time":"2023-08-30T09:31:15+00:00","twitter_card":"summary_large_image","schema":{"@context":"https:\/\/schema.org","@graph":[{"@type":"WebPage","@id":"https:\/\/csscr.gdu.edu.az\/csscr\/career\/","url":"https:\/\/csscr.gdu.edu.az\/csscr\/career\/","name":"Karyera - CSSCR","isPartOf":{"@id":"https:\/\/csscr.gdu.edu.az\/csscr\/#website"},"datePublished":"2023-08-28T14:38:12+00:00","dateModified":"2023-08-30T09:31:15+00:00","breadcrumb":{"@id":"https:\/\/csscr.gdu.edu.az\/csscr\/career\/#breadcrumb"},"inLanguage":"az","potentialAction":[{"@type":"ReadAction","target":["https:\/\/csscr.gdu.edu.az\/csscr\/career\/"]}]},{"@type":"BreadcrumbList","@id":"https:\/\/csscr.gdu.edu.az\/csscr\/career\/#breadcrumb","itemListElement":[{"@type":"ListItem","position":1,"name":"Home","item":"https:\/\/csscr.gdu.edu.az\/csscr\/"},{"@type":"ListItem","position":2,"name":"Karyera"}]},{"@type":"WebSite","@id":"https:\/\/csscr.gdu.edu.az\/csscr\/#website","url":"https:\/\/csscr.gdu.edu.az\/csscr\/","name":"CSSCR","description":"Nizami G\u0259nc\u0259vi ad\u0131na dayan\u0131ql\u0131 inki\u015faf m\u0259rk\u0259zi","publisher":{"@id":"https:\/\/csscr.gdu.edu.az\/csscr\/#organization"},"potentialAction":[{"@type":"SearchAction","target":{"@type":"EntryPoint","urlTemplate":"https:\/\/csscr.gdu.edu.az\/csscr\/?s={search_term_string}"},"query-input":{"@type":"PropertyValueSpecification","valueRequired":true,"valueName":"search_term_string"}}],"inLanguage":"az"},{"@type":"Organization","@id":"https:\/\/csscr.gdu.edu.az\/csscr\/#organization","name":"CSSCR","url":"https:\/\/csscr.gdu.edu.az\/csscr\/","logo":{"@type":"ImageObject","inLanguage":"az","@id":"https:\/\/csscr.gdu.edu.az\/csscr\/#\/schema\/logo\/image\/","url":"https:\/\/csscr.gdu.edu.az\/csscr\/wp-content\/uploads\/2023\/08\/CHINAR.png","contentUrl":"https:\/\/csscr.gdu.edu.az\/csscr\/wp-content\/uploads\/2023\/08\/CHINAR.png","width":1700,"height":1526,"caption":"CSSCR"},"image":{"@id":"https:\/\/csscr.gdu.edu.az\/csscr\/#\/schema\/logo\/image\/"}}]}},"builder_content":"","_links":{"self":[{"href":"https:\/\/csscr.gdu.edu.az\/csscr\/wp-json\/wp\/v2\/pages\/28","targetHints":{"allow":["GET"]}}],"collection":[{"href":"https:\/\/csscr.gdu.edu.az\/csscr\/wp-json\/wp\/v2\/pages"}],"about":[{"href":"https:\/\/csscr.gdu.edu.az\/csscr\/wp-json\/wp\/v2\/types\/page"}],"author":[{"embeddable":true,"href":"https:\/\/csscr.gdu.edu.az\/csscr\/wp-json\/wp\/v2\/users\/1"}],"replies":[{"embeddable":true,"href":"https:\/\/csscr.gdu.edu.az\/csscr\/wp-json\/wp\/v2\/comments?post=28"}],"version-history":[{"count":3,"href":"https:\/\/csscr.gdu.edu.az\/csscr\/wp-json\/wp\/v2\/pages\/28\/revisions"}],"predecessor-version":[{"id":70,"href":"https:\/\/csscr.gdu.edu.az\/csscr\/wp-json\/wp\/v2\/pages\/28\/revisions\/70"}],"wp:attachment":[{"href":"https:\/\/csscr.gdu.edu.az\/csscr\/wp-json\/wp\/v2\/media?parent=28"}],"curies":[{"name":"wp","href":"https:\/\/api.w.org\/{rel}","templated":true}]}}