{"id":26,"date":"2023-08-28T14:37:40","date_gmt":"2023-08-28T14:37:40","guid":{"rendered":"https:\/\/csscr.gdu.edu.az\/csscr\/?page_id=26"},"modified":"2023-10-24T06:00:50","modified_gmt":"2023-10-24T06:00:50","slug":"training","status":"publish","type":"page","link":"https:\/\/csscr.gdu.edu.az\/csscr\/training\/","title":{"rendered":"T\u0259lim"},"content":{"rendered":"<!--themify_builder_content-->\n<div id=\"themify_builder_content-26\" data-postid=\"26\" class=\"themify_builder_content themify_builder_content-26 themify_builder tf_clear\">\n    \t\t\t<!-- module_row -->\n\t<div  data-lazy=\"1\" class=\"module_row themify_builder_row tb_dtj638 tb_first tf_w tf_clearfix\">\n\t    \t\t\t<div class=\"row_inner col_align_top tb_col_count_1 tf_box tf_rel\">\n\t\t            <div  data-lazy=\"1\" class=\"module_column tb-column col-full tb_35rh39 first\">\n                                                        <div class=\"tb-column-inner tf_box tf_w\">\n                        \t<div  data-lazy=\"1\" class=\"module_subrow themify_builder_sub_row tb_5oqw244 tf_w tf_clearfix\">\n\t    \t\t\t<div class=\"subrow_inner col_align_top tb_col_count_2 tf_box tf_w\">\n\t\t            <div  data-lazy=\"1\" class=\"module_column sub_column col4-2 tb_aj8q245 first\">\n                                                        <div class=\"tb-column-inner tf_box tf_w\">\n                        <!-- module image -->\n<div  class=\"module module-image tb_3x8g583   image-top tf_mw\" data-lazy=\"1\">\n        <div class=\"image-wrap tf_rel tf_mw\">\n\t\t    <img loading=\"lazy\" decoding=\"async\" width=\"783\" height=\"711\" src=\"https:\/\/csscr.gdu.edu.az\/csscr\/wp-content\/uploads\/2023\/10\/386763907_832473422000871_6142481873161102547_n.jpg\" class=\"wp-post-image wp-image-471\" title=\"386763907_832473422000871_6142481873161102547_n\" alt=\"386763907_832473422000871_6142481873161102547_n\" srcset=\"https:\/\/csscr.gdu.edu.az\/csscr\/wp-content\/uploads\/2023\/10\/386763907_832473422000871_6142481873161102547_n.jpg 783w, https:\/\/csscr.gdu.edu.az\/csscr\/wp-content\/uploads\/2023\/10\/386763907_832473422000871_6142481873161102547_n-300x272.jpg 300w, https:\/\/csscr.gdu.edu.az\/csscr\/wp-content\/uploads\/2023\/10\/386763907_832473422000871_6142481873161102547_n-768x697.jpg 768w\" sizes=\"auto, (max-width: 783px) 100vw, 783px\" \/>\t\n\t\t<\/div>\n\t<!-- \/image-wrap -->\n    \n    \t<\/div>\n<!-- \/module image -->                    <\/div><!-- .tb-column-inner -->\n                            <\/div><!-- .module_column -->\n                        <div  data-lazy=\"1\" class=\"module_column sub_column col4-2 tb_53dc245 last\">\n                                                        <div class=\"tb-column-inner tf_box tf_w\">\n                        <!-- module image -->\n<div  class=\"module module-image tb_207r223   image-top tf_mw\" data-lazy=\"1\">\n        <div class=\"image-wrap tf_rel tf_mw\">\n\t\t    <img loading=\"lazy\" decoding=\"async\" width=\"783\" height=\"711\" src=\"https:\/\/csscr.gdu.edu.az\/csscr\/wp-content\/uploads\/2023\/10\/386784535_832468532001360_5492162171811169719_n.jpg\" class=\"wp-post-image wp-image-470\" title=\"386784535_832468532001360_5492162171811169719_n\" alt=\"386784535_832468532001360_5492162171811169719_n\" srcset=\"https:\/\/csscr.gdu.edu.az\/csscr\/wp-content\/uploads\/2023\/10\/386784535_832468532001360_5492162171811169719_n.jpg 783w, https:\/\/csscr.gdu.edu.az\/csscr\/wp-content\/uploads\/2023\/10\/386784535_832468532001360_5492162171811169719_n-300x272.jpg 300w, https:\/\/csscr.gdu.edu.az\/csscr\/wp-content\/uploads\/2023\/10\/386784535_832468532001360_5492162171811169719_n-768x697.jpg 768w\" sizes=\"auto, (max-width: 783px) 100vw, 783px\" \/>\t\n\t\t<\/div>\n\t<!-- \/image-wrap -->\n    \n    \t<\/div>\n<!-- \/module image -->                    <\/div><!-- .tb-column-inner -->\n                            <\/div><!-- .module_column -->\n            \t    <\/div><!-- .subrow_inner -->\n\t<\/div><!-- .themify_builder_sub_row -->\n\t                    <\/div><!-- .tb-column-inner -->\n                            <\/div><!-- .module_column -->\n            \t    <\/div><!-- .row_inner -->\n\t<\/div><!-- .module_row -->\n\t<\/div>\n<!--\/themify_builder_content-->","protected":false},"excerpt":{"rendered":"","protected":false},"author":1,"featured_media":0,"parent":0,"menu_order":0,"comment_status":"closed","ping_status":"closed","template":"","meta":{"footnotes":""},"class_list":["post-26","page","type-page","status-publish","hentry","has-post-title","has-post-date","has-post-category","has-post-tag","has-post-comment","has-post-author",""],"yoast_head":"<!-- This site is optimized with the Yoast SEO plugin v26.9 - https:\/\/yoast.com\/product\/yoast-seo-wordpress\/ -->\n<title>T\u0259lim - CSSCR<\/title>\n<meta name=\"robots\" content=\"index, follow, max-snippet:-1, max-image-preview:large, max-video-preview:-1\" \/>\n<link rel=\"canonical\" href=\"https:\/\/csscr.gdu.edu.az\/csscr\/training\/\" \/>\n<meta property=\"og:locale\" content=\"az_AZ\" \/>\n<meta property=\"og:type\" content=\"article\" \/>\n<meta property=\"og:title\" content=\"T\u0259lim - CSSCR\" \/>\n<meta property=\"og:url\" content=\"https:\/\/csscr.gdu.edu.az\/csscr\/training\/\" \/>\n<meta property=\"og:site_name\" content=\"CSSCR\" \/>\n<meta property=\"article:modified_time\" content=\"2023-10-24T06:00:50+00:00\" \/>\n<meta name=\"twitter:card\" content=\"summary_large_image\" \/>\n<script type=\"application\/ld+json\" class=\"yoast-schema-graph\">{\"@context\":\"https:\/\/schema.org\",\"@graph\":[{\"@type\":\"WebPage\",\"@id\":\"https:\/\/csscr.gdu.edu.az\/csscr\/training\/\",\"url\":\"https:\/\/csscr.gdu.edu.az\/csscr\/training\/\",\"name\":\"T\u0259lim - CSSCR\",\"isPartOf\":{\"@id\":\"https:\/\/csscr.gdu.edu.az\/csscr\/#website\"},\"datePublished\":\"2023-08-28T14:37:40+00:00\",\"dateModified\":\"2023-10-24T06:00:50+00:00\",\"breadcrumb\":{\"@id\":\"https:\/\/csscr.gdu.edu.az\/csscr\/training\/#breadcrumb\"},\"inLanguage\":\"az\",\"potentialAction\":[{\"@type\":\"ReadAction\",\"target\":[\"https:\/\/csscr.gdu.edu.az\/csscr\/training\/\"]}]},{\"@type\":\"BreadcrumbList\",\"@id\":\"https:\/\/csscr.gdu.edu.az\/csscr\/training\/#breadcrumb\",\"itemListElement\":[{\"@type\":\"ListItem\",\"position\":1,\"name\":\"Home\",\"item\":\"https:\/\/csscr.gdu.edu.az\/csscr\/\"},{\"@type\":\"ListItem\",\"position\":2,\"name\":\"T\u0259lim\"}]},{\"@type\":\"WebSite\",\"@id\":\"https:\/\/csscr.gdu.edu.az\/csscr\/#website\",\"url\":\"https:\/\/csscr.gdu.edu.az\/csscr\/\",\"name\":\"CSSCR\",\"description\":\"Nizami G\u0259nc\u0259vi ad\u0131na dayan\u0131ql\u0131 inki\u015faf m\u0259rk\u0259zi\",\"publisher\":{\"@id\":\"https:\/\/csscr.gdu.edu.az\/csscr\/#organization\"},\"potentialAction\":[{\"@type\":\"SearchAction\",\"target\":{\"@type\":\"EntryPoint\",\"urlTemplate\":\"https:\/\/csscr.gdu.edu.az\/csscr\/?s={search_term_string}\"},\"query-input\":{\"@type\":\"PropertyValueSpecification\",\"valueRequired\":true,\"valueName\":\"search_term_string\"}}],\"inLanguage\":\"az\"},{\"@type\":\"Organization\",\"@id\":\"https:\/\/csscr.gdu.edu.az\/csscr\/#organization\",\"name\":\"CSSCR\",\"url\":\"https:\/\/csscr.gdu.edu.az\/csscr\/\",\"logo\":{\"@type\":\"ImageObject\",\"inLanguage\":\"az\",\"@id\":\"https:\/\/csscr.gdu.edu.az\/csscr\/#\/schema\/logo\/image\/\",\"url\":\"https:\/\/csscr.gdu.edu.az\/csscr\/wp-content\/uploads\/2023\/08\/CHINAR.png\",\"contentUrl\":\"https:\/\/csscr.gdu.edu.az\/csscr\/wp-content\/uploads\/2023\/08\/CHINAR.png\",\"width\":1700,\"height\":1526,\"caption\":\"CSSCR\"},\"image\":{\"@id\":\"https:\/\/csscr.gdu.edu.az\/csscr\/#\/schema\/logo\/image\/\"}}]}<\/script>\n<!-- \/ Yoast SEO plugin. -->","yoast_head_json":{"title":"T\u0259lim - CSSCR","robots":{"index":"index","follow":"follow","max-snippet":"max-snippet:-1","max-image-preview":"max-image-preview:large","max-video-preview":"max-video-preview:-1"},"canonical":"https:\/\/csscr.gdu.edu.az\/csscr\/training\/","og_locale":"az_AZ","og_type":"article","og_title":"T\u0259lim - CSSCR","og_url":"https:\/\/csscr.gdu.edu.az\/csscr\/training\/","og_site_name":"CSSCR","article_modified_time":"2023-10-24T06:00:50+00:00","twitter_card":"summary_large_image","schema":{"@context":"https:\/\/schema.org","@graph":[{"@type":"WebPage","@id":"https:\/\/csscr.gdu.edu.az\/csscr\/training\/","url":"https:\/\/csscr.gdu.edu.az\/csscr\/training\/","name":"T\u0259lim - CSSCR","isPartOf":{"@id":"https:\/\/csscr.gdu.edu.az\/csscr\/#website"},"datePublished":"2023-08-28T14:37:40+00:00","dateModified":"2023-10-24T06:00:50+00:00","breadcrumb":{"@id":"https:\/\/csscr.gdu.edu.az\/csscr\/training\/#breadcrumb"},"inLanguage":"az","potentialAction":[{"@type":"ReadAction","target":["https:\/\/csscr.gdu.edu.az\/csscr\/training\/"]}]},{"@type":"BreadcrumbList","@id":"https:\/\/csscr.gdu.edu.az\/csscr\/training\/#breadcrumb","itemListElement":[{"@type":"ListItem","position":1,"name":"Home","item":"https:\/\/csscr.gdu.edu.az\/csscr\/"},{"@type":"ListItem","position":2,"name":"T\u0259lim"}]},{"@type":"WebSite","@id":"https:\/\/csscr.gdu.edu.az\/csscr\/#website","url":"https:\/\/csscr.gdu.edu.az\/csscr\/","name":"CSSCR","description":"Nizami G\u0259nc\u0259vi ad\u0131na dayan\u0131ql\u0131 inki\u015faf m\u0259rk\u0259zi","publisher":{"@id":"https:\/\/csscr.gdu.edu.az\/csscr\/#organization"},"potentialAction":[{"@type":"SearchAction","target":{"@type":"EntryPoint","urlTemplate":"https:\/\/csscr.gdu.edu.az\/csscr\/?s={search_term_string}"},"query-input":{"@type":"PropertyValueSpecification","valueRequired":true,"valueName":"search_term_string"}}],"inLanguage":"az"},{"@type":"Organization","@id":"https:\/\/csscr.gdu.edu.az\/csscr\/#organization","name":"CSSCR","url":"https:\/\/csscr.gdu.edu.az\/csscr\/","logo":{"@type":"ImageObject","inLanguage":"az","@id":"https:\/\/csscr.gdu.edu.az\/csscr\/#\/schema\/logo\/image\/","url":"https:\/\/csscr.gdu.edu.az\/csscr\/wp-content\/uploads\/2023\/08\/CHINAR.png","contentUrl":"https:\/\/csscr.gdu.edu.az\/csscr\/wp-content\/uploads\/2023\/08\/CHINAR.png","width":1700,"height":1526,"caption":"CSSCR"},"image":{"@id":"https:\/\/csscr.gdu.edu.az\/csscr\/#\/schema\/logo\/image\/"}}]}},"builder_content":"<img src=\"https:\/\/csscr.gdu.edu.az\/csscr\/wp-content\/uploads\/2023\/10\/386763907_832473422000871_6142481873161102547_n.jpg\" title=\"386763907_832473422000871_6142481873161102547_n\" alt=\"386763907_832473422000871_6142481873161102547_n\" srcset=\"https:\/\/csscr.gdu.edu.az\/csscr\/wp-content\/uploads\/2023\/10\/386763907_832473422000871_6142481873161102547_n.jpg 783w, https:\/\/csscr.gdu.edu.az\/csscr\/wp-content\/uploads\/2023\/10\/386763907_832473422000871_6142481873161102547_n-300x272.jpg 300w, https:\/\/csscr.gdu.edu.az\/csscr\/wp-content\/uploads\/2023\/10\/386763907_832473422000871_6142481873161102547_n-768x697.jpg 768w\" sizes=\"(max-width: 783px) 100vw, 783px\" \/>\n<img src=\"https:\/\/csscr.gdu.edu.az\/csscr\/wp-content\/uploads\/2023\/10\/386784535_832468532001360_5492162171811169719_n.jpg\" title=\"386784535_832468532001360_5492162171811169719_n\" alt=\"386784535_832468532001360_5492162171811169719_n\" srcset=\"https:\/\/csscr.gdu.edu.az\/csscr\/wp-content\/uploads\/2023\/10\/386784535_832468532001360_5492162171811169719_n.jpg 783w, https:\/\/csscr.gdu.edu.az\/csscr\/wp-content\/uploads\/2023\/10\/386784535_832468532001360_5492162171811169719_n-300x272.jpg 300w, https:\/\/csscr.gdu.edu.az\/csscr\/wp-content\/uploads\/2023\/10\/386784535_832468532001360_5492162171811169719_n-768x697.jpg 768w\" sizes=\"(max-width: 783px) 100vw, 783px\" \/>","_links":{"self":[{"href":"https:\/\/csscr.gdu.edu.az\/csscr\/wp-json\/wp\/v2\/pages\/26","targetHints":{"allow":["GET"]}}],"collection":[{"href":"https:\/\/csscr.gdu.edu.az\/csscr\/wp-json\/wp\/v2\/pages"}],"about":[{"href":"https:\/\/csscr.gdu.edu.az\/csscr\/wp-json\/wp\/v2\/types\/page"}],"author":[{"embeddable":true,"href":"https:\/\/csscr.gdu.edu.az\/csscr\/wp-json\/wp\/v2\/users\/1"}],"replies":[{"embeddable":true,"href":"https:\/\/csscr.gdu.edu.az\/csscr\/wp-json\/wp\/v2\/comments?post=26"}],"version-history":[{"count":4,"href":"https:\/\/csscr.gdu.edu.az\/csscr\/wp-json\/wp\/v2\/pages\/26\/revisions"}],"predecessor-version":[{"id":472,"href":"https:\/\/csscr.gdu.edu.az\/csscr\/wp-json\/wp\/v2\/pages\/26\/revisions\/472"}],"wp:attachment":[{"href":"https:\/\/csscr.gdu.edu.az\/csscr\/wp-json\/wp\/v2\/media?parent=26"}],"curies":[{"name":"wp","href":"https:\/\/api.w.org\/{rel}","templated":true}]}}