{"id":20,"date":"2023-08-28T14:34:25","date_gmt":"2023-08-28T14:34:25","guid":{"rendered":"https:\/\/csscr.gdu.edu.az\/csscr\/?page_id=20"},"modified":"2023-08-30T09:35:04","modified_gmt":"2023-08-30T09:35:04","slug":"publications","status":"publish","type":"page","link":"https:\/\/csscr.gdu.edu.az\/csscr\/publications\/","title":{"rendered":"N\u0259\u015frl\u0259r"},"content":{"rendered":"<!--themify_builder_content-->\n<div id=\"themify_builder_content-20\" data-postid=\"20\" class=\"themify_builder_content themify_builder_content-20 themify_builder tf_clear\">\n    <\/div>\n<!--\/themify_builder_content-->","protected":false},"excerpt":{"rendered":"","protected":false},"author":1,"featured_media":0,"parent":0,"menu_order":0,"comment_status":"closed","ping_status":"closed","template":"","meta":{"footnotes":""},"class_list":["post-20","page","type-page","status-publish","hentry","has-post-title","has-post-date","has-post-category","has-post-tag","has-post-comment","has-post-author",""],"yoast_head":"<!-- This site is optimized with the Yoast SEO plugin v26.9 - https:\/\/yoast.com\/product\/yoast-seo-wordpress\/ -->\n<title>N\u0259\u015frl\u0259r - CSSCR<\/title>\n<meta name=\"robots\" content=\"index, follow, max-snippet:-1, max-image-preview:large, max-video-preview:-1\" \/>\n<link rel=\"canonical\" href=\"https:\/\/csscr.gdu.edu.az\/csscr\/publications\/\" \/>\n<meta property=\"og:locale\" content=\"az_AZ\" \/>\n<meta property=\"og:type\" content=\"article\" \/>\n<meta property=\"og:title\" content=\"N\u0259\u015frl\u0259r - CSSCR\" \/>\n<meta property=\"og:url\" content=\"https:\/\/csscr.gdu.edu.az\/csscr\/publications\/\" \/>\n<meta property=\"og:site_name\" content=\"CSSCR\" \/>\n<meta property=\"article:modified_time\" content=\"2023-08-30T09:35:04+00:00\" \/>\n<meta name=\"twitter:card\" content=\"summary_large_image\" \/>\n<script type=\"application\/ld+json\" class=\"yoast-schema-graph\">{\"@context\":\"https:\/\/schema.org\",\"@graph\":[{\"@type\":\"WebPage\",\"@id\":\"https:\/\/csscr.gdu.edu.az\/csscr\/publications\/\",\"url\":\"https:\/\/csscr.gdu.edu.az\/csscr\/publications\/\",\"name\":\"N\u0259\u015frl\u0259r - CSSCR\",\"isPartOf\":{\"@id\":\"https:\/\/csscr.gdu.edu.az\/csscr\/#website\"},\"datePublished\":\"2023-08-28T14:34:25+00:00\",\"dateModified\":\"2023-08-30T09:35:04+00:00\",\"breadcrumb\":{\"@id\":\"https:\/\/csscr.gdu.edu.az\/csscr\/publications\/#breadcrumb\"},\"inLanguage\":\"az\",\"potentialAction\":[{\"@type\":\"ReadAction\",\"target\":[\"https:\/\/csscr.gdu.edu.az\/csscr\/publications\/\"]}]},{\"@type\":\"BreadcrumbList\",\"@id\":\"https:\/\/csscr.gdu.edu.az\/csscr\/publications\/#breadcrumb\",\"itemListElement\":[{\"@type\":\"ListItem\",\"position\":1,\"name\":\"Home\",\"item\":\"https:\/\/csscr.gdu.edu.az\/csscr\/\"},{\"@type\":\"ListItem\",\"position\":2,\"name\":\"N\u0259\u015frl\u0259r\"}]},{\"@type\":\"WebSite\",\"@id\":\"https:\/\/csscr.gdu.edu.az\/csscr\/#website\",\"url\":\"https:\/\/csscr.gdu.edu.az\/csscr\/\",\"name\":\"CSSCR\",\"description\":\"Nizami G\u0259nc\u0259vi ad\u0131na dayan\u0131ql\u0131 inki\u015faf m\u0259rk\u0259zi\",\"publisher\":{\"@id\":\"https:\/\/csscr.gdu.edu.az\/csscr\/#organization\"},\"potentialAction\":[{\"@type\":\"SearchAction\",\"target\":{\"@type\":\"EntryPoint\",\"urlTemplate\":\"https:\/\/csscr.gdu.edu.az\/csscr\/?s={search_term_string}\"},\"query-input\":{\"@type\":\"PropertyValueSpecification\",\"valueRequired\":true,\"valueName\":\"search_term_string\"}}],\"inLanguage\":\"az\"},{\"@type\":\"Organization\",\"@id\":\"https:\/\/csscr.gdu.edu.az\/csscr\/#organization\",\"name\":\"CSSCR\",\"url\":\"https:\/\/csscr.gdu.edu.az\/csscr\/\",\"logo\":{\"@type\":\"ImageObject\",\"inLanguage\":\"az\",\"@id\":\"https:\/\/csscr.gdu.edu.az\/csscr\/#\/schema\/logo\/image\/\",\"url\":\"https:\/\/csscr.gdu.edu.az\/csscr\/wp-content\/uploads\/2023\/08\/CHINAR.png\",\"contentUrl\":\"https:\/\/csscr.gdu.edu.az\/csscr\/wp-content\/uploads\/2023\/08\/CHINAR.png\",\"width\":1700,\"height\":1526,\"caption\":\"CSSCR\"},\"image\":{\"@id\":\"https:\/\/csscr.gdu.edu.az\/csscr\/#\/schema\/logo\/image\/\"}}]}<\/script>\n<!-- \/ Yoast SEO plugin. -->","yoast_head_json":{"title":"N\u0259\u015frl\u0259r - CSSCR","robots":{"index":"index","follow":"follow","max-snippet":"max-snippet:-1","max-image-preview":"max-image-preview:large","max-video-preview":"max-video-preview:-1"},"canonical":"https:\/\/csscr.gdu.edu.az\/csscr\/publications\/","og_locale":"az_AZ","og_type":"article","og_title":"N\u0259\u015frl\u0259r - CSSCR","og_url":"https:\/\/csscr.gdu.edu.az\/csscr\/publications\/","og_site_name":"CSSCR","article_modified_time":"2023-08-30T09:35:04+00:00","twitter_card":"summary_large_image","schema":{"@context":"https:\/\/schema.org","@graph":[{"@type":"WebPage","@id":"https:\/\/csscr.gdu.edu.az\/csscr\/publications\/","url":"https:\/\/csscr.gdu.edu.az\/csscr\/publications\/","name":"N\u0259\u015frl\u0259r - CSSCR","isPartOf":{"@id":"https:\/\/csscr.gdu.edu.az\/csscr\/#website"},"datePublished":"2023-08-28T14:34:25+00:00","dateModified":"2023-08-30T09:35:04+00:00","breadcrumb":{"@id":"https:\/\/csscr.gdu.edu.az\/csscr\/publications\/#breadcrumb"},"inLanguage":"az","potentialAction":[{"@type":"ReadAction","target":["https:\/\/csscr.gdu.edu.az\/csscr\/publications\/"]}]},{"@type":"BreadcrumbList","@id":"https:\/\/csscr.gdu.edu.az\/csscr\/publications\/#breadcrumb","itemListElement":[{"@type":"ListItem","position":1,"name":"Home","item":"https:\/\/csscr.gdu.edu.az\/csscr\/"},{"@type":"ListItem","position":2,"name":"N\u0259\u015frl\u0259r"}]},{"@type":"WebSite","@id":"https:\/\/csscr.gdu.edu.az\/csscr\/#website","url":"https:\/\/csscr.gdu.edu.az\/csscr\/","name":"CSSCR","description":"Nizami G\u0259nc\u0259vi ad\u0131na dayan\u0131ql\u0131 inki\u015faf m\u0259rk\u0259zi","publisher":{"@id":"https:\/\/csscr.gdu.edu.az\/csscr\/#organization"},"potentialAction":[{"@type":"SearchAction","target":{"@type":"EntryPoint","urlTemplate":"https:\/\/csscr.gdu.edu.az\/csscr\/?s={search_term_string}"},"query-input":{"@type":"PropertyValueSpecification","valueRequired":true,"valueName":"search_term_string"}}],"inLanguage":"az"},{"@type":"Organization","@id":"https:\/\/csscr.gdu.edu.az\/csscr\/#organization","name":"CSSCR","url":"https:\/\/csscr.gdu.edu.az\/csscr\/","logo":{"@type":"ImageObject","inLanguage":"az","@id":"https:\/\/csscr.gdu.edu.az\/csscr\/#\/schema\/logo\/image\/","url":"https:\/\/csscr.gdu.edu.az\/csscr\/wp-content\/uploads\/2023\/08\/CHINAR.png","contentUrl":"https:\/\/csscr.gdu.edu.az\/csscr\/wp-content\/uploads\/2023\/08\/CHINAR.png","width":1700,"height":1526,"caption":"CSSCR"},"image":{"@id":"https:\/\/csscr.gdu.edu.az\/csscr\/#\/schema\/logo\/image\/"}}]}},"builder_content":"","_links":{"self":[{"href":"https:\/\/csscr.gdu.edu.az\/csscr\/wp-json\/wp\/v2\/pages\/20","targetHints":{"allow":["GET"]}}],"collection":[{"href":"https:\/\/csscr.gdu.edu.az\/csscr\/wp-json\/wp\/v2\/pages"}],"about":[{"href":"https:\/\/csscr.gdu.edu.az\/csscr\/wp-json\/wp\/v2\/types\/page"}],"author":[{"embeddable":true,"href":"https:\/\/csscr.gdu.edu.az\/csscr\/wp-json\/wp\/v2\/users\/1"}],"replies":[{"embeddable":true,"href":"https:\/\/csscr.gdu.edu.az\/csscr\/wp-json\/wp\/v2\/comments?post=20"}],"version-history":[{"count":3,"href":"https:\/\/csscr.gdu.edu.az\/csscr\/wp-json\/wp\/v2\/pages\/20\/revisions"}],"predecessor-version":[{"id":79,"href":"https:\/\/csscr.gdu.edu.az\/csscr\/wp-json\/wp\/v2\/pages\/20\/revisions\/79"}],"wp:attachment":[{"href":"https:\/\/csscr.gdu.edu.az\/csscr\/wp-json\/wp\/v2\/media?parent=20"}],"curies":[{"name":"wp","href":"https:\/\/api.w.org\/{rel}","templated":true}]}}